{"id":1415,"date":"2026-01-11T11:50:56","date_gmt":"2026-01-11T11:50:56","guid":{"rendered":"https:\/\/xenodochial-ardinghelli.162-0-225-12.plesk.page\/?post_type=product&#038;p=1415"},"modified":"2026-01-11T11:50:56","modified_gmt":"2026-01-11T11:50:56","slug":"rafael-gonzalez-panetelas-extra-25li-kutu","status":"publish","type":"product","link":"https:\/\/purokosesi.com\/?product=rafael-gonzalez-panetelas-extra-25li-kutu","title":{"rendered":"Rafael Gonz\u00e1lez \u2013 Panetelas Extra (25\u2019li kutu)"},"content":{"rendered":"<p>Rafael Gonz\u00e1lez Panetelas Extra, hafif i\u00e7imi ve yumu\u015fak aromatik profiliyle bilinen klasik bir K\u00fcba purosudur. \u0130nce yap\u0131s\u0131 sayesinde k\u0131sa s\u00fcrede keyifli bir deneyim sunar. Kahve, hafif toprak ve odunsu notalar i\u00e7eren bu puro, \u00f6zellikle hafif K\u00fcba purosu sevenler i\u00e7in m\u00fckemmel bir alternatiftir.<\/p>\n","protected":false},"excerpt":{"rendered":"<p>Rafael Gonz\u00e1lez Panetelas Extra, hafif i\u00e7imi ve yumu\u015fak aromatik profiliyle bilinen klasik bir K\u00fcba purosudur. \u0130nce yap\u0131s\u0131 sayesinde k\u0131sa s\u00fcrede<\/p>\n","protected":false},"featured_media":1416,"comment_status":"open","ping_status":"closed","template":"","meta":[],"product_brand":[],"product_cat":[69],"product_tag":[],"class_list":{"0":"post-1415","1":"product","2":"type-product","3":"status-publish","4":"has-post-thumbnail","6":"product_cat-kuba-purolari","8":"first","9":"instock","10":"shipping-taxable","11":"product-type-simple"},"_links":{"self":[{"href":"https:\/\/purokosesi.com\/index.php?rest_route=\/wp\/v2\/product\/1415","targetHints":{"allow":["GET"]}}],"collection":[{"href":"https:\/\/purokosesi.com\/index.php?rest_route=\/wp\/v2\/product"}],"about":[{"href":"https:\/\/purokosesi.com\/index.php?rest_route=\/wp\/v2\/types\/product"}],"replies":[{"embeddable":true,"href":"https:\/\/purokosesi.com\/index.php?rest_route=%2Fwp%2Fv2%2Fcomments&post=1415"}],"wp:featuredmedia":[{"embeddable":true,"href":"https:\/\/purokosesi.com\/index.php?rest_route=\/wp\/v2\/media\/1416"}],"wp:attachment":[{"href":"https:\/\/purokosesi.com\/index.php?rest_route=%2Fwp%2Fv2%2Fmedia&parent=1415"}],"wp:term":[{"taxonomy":"product_brand","embeddable":true,"href":"https:\/\/purokosesi.com\/index.php?rest_route=%2Fwp%2Fv2%2Fproduct_brand&post=1415"},{"taxonomy":"product_cat","embeddable":true,"href":"https:\/\/purokosesi.com\/index.php?rest_route=%2Fwp%2Fv2%2Fproduct_cat&post=1415"},{"taxonomy":"product_tag","embeddable":true,"href":"https:\/\/purokosesi.com\/index.php?rest_route=%2Fwp%2Fv2%2Fproduct_tag&post=1415"}],"curies":[{"name":"wp","href":"https:\/\/api.w.org\/{rel}","templated":true}]}}